{"id":201,"date":"2026-02-13T14:32:48","date_gmt":"2026-02-13T14:32:48","guid":{"rendered":"https:\/\/clinicaalicerafael.pt\/?page_id=201"},"modified":"2026-02-13T14:37:45","modified_gmt":"2026-02-13T14:37:45","slug":"marcar-consulta","status":"publish","type":"page","link":"https:\/\/clinicaalicerafael.pt\/?page_id=201","title":{"rendered":"Marcar Consulta"},"content":{"rendered":"<style>.elementor-201 .elementor-element.elementor-element-8058a64{--display:flex;--min-height:0px;--flex-direction:row;--container-widget-width:calc( ( 1 - var( --container-widget-flex-grow ) ) * 100% );--container-widget-height:100%;--container-widget-flex-grow:1;--container-widget-align-self:stretch;--flex-wrap-mobile:wrap;--justify-content:space-between;--align-items:center;--gap:0px 0px;--row-gap:0px;--column-gap:0px;--padding-top:0px;--padding-bottom:0px;--padding-left:0px;--padding-right:0px;--z-index:999;}.elementor-201 .elementor-element.elementor-element-8058a64:not(.elementor-motion-effects-element-type-background), .elementor-201 .elementor-element.elementor-element-8058a64 > .elementor-motion-effects-container > .elementor-motion-effects-layer{background-color:transparent;background-image:radial-gradient(at center center, #FFFFFF 0%, #F7F5F0 100%);}.elementor-201 .elementor-element.elementor-element-8058a64.e-con{--flex-grow:0;--flex-shrink:0;}.elementor-201 .elementor-element.elementor-element-e36520f{text-align:center;margin:0px 0px calc(var(--kit-widget-spacing, 0px) + 0px) 0px;padding:0px 0px 0px 20px;width:auto;max-width:auto;}.elementor-201 .elementor-element.elementor-element-e36520f img{max-width:100%;height:155px;object-fit:fill;}.elementor-201 .elementor-element.elementor-element-e36520f.elementor-element{--align-self:center;--flex-grow:0;--flex-shrink:0;}.elementor-201 .elementor-element.elementor-element-bafbce5{--display:flex;--flex-direction:row;--container-widget-width:calc( ( 1 - var( --container-widget-flex-grow ) ) * 100% );--container-widget-height:100%;--container-widget-flex-grow:1;--container-widget-align-self:stretch;--flex-wrap-mobile:wrap;--justify-content:flex-end;--align-items:flex-start;--gap:0px 025px;--row-gap:0px;--column-gap:025px;--margin-top:0px;--margin-bottom:0px;--margin-left:0px;--margin-right:40px;--padding-top:0px;--padding-bottom:0px;--padding-left:495px;--padding-right:0px;}.elementor-201 .elementor-element.elementor-element-56e1bb7 .elementor-button{font-family:\"Antic Didone\", Sans-serif;font-size:23px;font-weight:600;line-height:34px;fill:#d0a34d;color:#d0a34d;background-color:#FFFFFF;border-style:solid;border-radius:50px 50px 50px 50px;padding:012px 025px 012px 025px;}.elementor-201 .elementor-element.elementor-element-56e1bb7{margin:0px 0px calc(var(--kit-widget-spacing, 0px) + 0px) 0px;width:var( --container-widget-width, 30% );max-width:30%;--container-widget-width:30%;--container-widget-flex-grow:0;}.elementor-201 .elementor-element.elementor-element-0d8955e .elementor-button{font-family:\"Antic Didone\", Sans-serif;font-size:23px;font-weight:600;line-height:34px;fill:#d0a34d;color:#d0a34d;background-color:#FFFFFF;border-style:solid;border-radius:50px 50px 50px 50px;padding:012px 025px 012px 025px;}.elementor-201 .elementor-element.elementor-element-0d8955e{margin:0px 0px calc(var(--kit-widget-spacing, 0px) + 0px) 0px;width:var( --container-widget-width, 30% );max-width:30%;--container-widget-width:30%;--container-widget-flex-grow:0;}.elementor-201 .elementor-element.elementor-element-04175fe .elementor-icon-wrapper{text-align:center;}.elementor-201 .elementor-element.elementor-element-04175fe.elementor-view-stacked .elementor-icon{background-color:#d0a34d;}.elementor-201 .elementor-element.elementor-element-04175fe.elementor-view-framed .elementor-icon, .elementor-201 .elementor-element.elementor-element-04175fe.elementor-view-default .elementor-icon{color:#d0a34d;border-color:#d0a34d;}.elementor-201 .elementor-element.elementor-element-04175fe.elementor-view-framed .elementor-icon, .elementor-201 .elementor-element.elementor-element-04175fe.elementor-view-default .elementor-icon svg{fill:#d0a34d;}.elementor-201 .elementor-element.elementor-element-04175fe .elementor-icon{font-size:31px;padding:9px;border-radius:-3px -3px -3px -3px;}.elementor-201 .elementor-element.elementor-element-04175fe .elementor-icon svg{height:31px;}.elementor-201 .elementor-element.elementor-element-04175fe{width:auto;max-width:auto;}.elementor-201 .elementor-element.elementor-element-2eb4a7e{--display:flex;--flex-direction:row;--container-widget-width:initial;--container-widget-height:100%;--container-widget-flex-grow:1;--container-widget-align-self:stretch;--flex-wrap-mobile:wrap;--gap:0px 0px;--row-gap:0px;--column-gap:0px;--padding-top:80px;--padding-bottom:80px;--padding-left:0px;--padding-right:0px;}.elementor-201 .elementor-element.elementor-element-2eb4a7e:not(.elementor-motion-effects-element-type-background), .elementor-201 .elementor-element.elementor-element-2eb4a7e > .elementor-motion-effects-container > .elementor-motion-effects-layer{background-color:transparent;background-image:radial-gradient(at center center, #FFFFFF 0%, #F7F5F0 100%);}.elementor-201 .elementor-element.elementor-element-abe8239{--display:flex;--flex-direction:column;--container-widget-width:100%;--container-widget-height:initial;--container-widget-flex-grow:0;--container-widget-align-self:initial;--flex-wrap-mobile:wrap;}.elementor-201 .elementor-element.elementor-element-b82a67b{font-family:\"Cormorant Garamond\", Sans-serif;font-size:24px;}.elementor-201 .elementor-element.elementor-element-28eccc6 .elementor-heading-title{font-family:\"Cormorant Garamond\", Sans-serif;}.elementor-201 .elementor-element.elementor-element-f79e933{--display:flex;}.elementor-201 .elementor-element.elementor-element-2a47fc6{font-family:\"Cormorant Garamond\", Sans-serif;}.elementor-201 .elementor-element.elementor-element-6f7d888{--display:flex;--flex-direction:column;--container-widget-width:100%;--container-widget-height:initial;--container-widget-flex-grow:0;--container-widget-align-self:initial;--flex-wrap-mobile:wrap;}@media(min-width:768px){.elementor-201 .elementor-element.elementor-element-8058a64{--width:100%;}.elementor-201 .elementor-element.elementor-element-abe8239{--width:50%;}.elementor-201 .elementor-element.elementor-element-6f7d888{--width:50%;}}<\/style>\t\t<div data-elementor-type=\"wp-page\" data-elementor-id=\"201\" class=\"elementor elementor-201\">\n\t\t\t\t<div class=\"elementor-element elementor-element-8058a64 e-con-full e-flex e-con e-parent\" data-id=\"8058a64\" data-element_type=\"container\" data-e-type=\"container\" data-settings=\"{&quot;background_background&quot;:&quot;gradient&quot;}\">\n\t\t\t\t<div class=\"elementor-element elementor-element-e36520f elementor-widget__width-auto elementor-widget elementor-widget-image\" data-id=\"e36520f\" data-element_type=\"widget\" data-e-type=\"widget\" data-widget_type=\"image.default\">\n\t\t\t\t\t\t\t\t\t\t\t\t\t\t\t<img decoding=\"async\" src=\"https:\/\/clinicaalicerafael.pt\/wp-content\/uploads\/elementor\/thumbs\/logotipo-rj03xlugpx6mrdbnbu0uzcab8nasnl5294wekjih1s.png\" title=\"logotipo\" alt=\"logotipo\" loading=\"lazy\" \/>\t\t\t\t\t\t\t\t\t\t\t\t\t\t\t<\/div>\n\t\t<div class=\"elementor-element elementor-element-bafbce5 e-con-full e-flex e-con e-child\" data-id=\"bafbce5\" data-element_type=\"container\" data-e-type=\"container\">\n\t\t\t\t<div class=\"elementor-element elementor-element-56e1bb7 elementor-align-center elementor-widget__width-initial elementor-widget elementor-widget-button\" data-id=\"56e1bb7\" data-element_type=\"widget\" data-e-type=\"widget\" data-widget_type=\"button.default\">\n\t\t\t\t\t\t\t\t\t\t<a class=\"elementor-button elementor-button-link elementor-size-sm\" href=\"#\">\n\t\t\t\t\t\t<span class=\"elementor-button-content-wrapper\">\n\t\t\t\t\t\t\t\t\t<span class=\"elementor-button-text\">Marcar Consulta<\/span>\n\t\t\t\t\t<\/span>\n\t\t\t\t\t<\/a>\n\t\t\t\t\t\t\t\t<\/div>\n\t\t\t\t<div class=\"elementor-element elementor-element-0d8955e elementor-align-center elementor-widget__width-initial elementor-widget elementor-widget-button\" data-id=\"0d8955e\" data-element_type=\"widget\" data-e-type=\"widget\" data-widget_type=\"button.default\">\n\t\t\t\t\t\t\t\t\t\t<a class=\"elementor-button elementor-button-link elementor-size-sm\" href=\"https:\/\/wa.me\/351914332526\" target=\"_blank\">\n\t\t\t\t\t\t<span class=\"elementor-button-content-wrapper\">\n\t\t\t\t\t\t\t\t\t<span class=\"elementor-button-text\">Fale Connosco<\/span>\n\t\t\t\t\t<\/span>\n\t\t\t\t\t<\/a>\n\t\t\t\t\t\t\t\t<\/div>\n\t\t\t\t<div class=\"elementor-element elementor-element-04175fe elementor-view-stacked elementor-widget__width-auto elementor-shape-circle elementor-widget elementor-widget-icon\" data-id=\"04175fe\" data-element_type=\"widget\" data-e-type=\"widget\" data-widget_type=\"icon.default\">\n\t\t\t\t\t\t\t<div class=\"elementor-icon-wrapper\">\n\t\t\t<div class=\"elementor-icon\">\n\t\t\t<i aria-hidden=\"true\" class=\"jki jki-bars-solid\"><\/i>\t\t\t<\/div>\n\t\t<\/div>\n\t\t\t\t\t\t<\/div>\n\t\t\t\t<\/div>\n\t\t\t\t<\/div>\n\t\t<div class=\"elementor-element elementor-element-2eb4a7e e-flex e-con-boxed e-con e-parent\" data-id=\"2eb4a7e\" data-element_type=\"container\" data-e-type=\"container\" data-settings=\"{&quot;background_background&quot;:&quot;gradient&quot;}\">\n\t\t\t\t\t<div class=\"e-con-inner\">\n\t\t<div class=\"elementor-element elementor-element-abe8239 e-con-full e-flex e-con e-child\" data-id=\"abe8239\" data-element_type=\"container\" data-e-type=\"container\">\n\t\t\t\t<div class=\"elementor-element elementor-element-b82a67b elementor-widget elementor-widget-text-editor\" data-id=\"b82a67b\" data-element_type=\"widget\" data-e-type=\"widget\" data-widget_type=\"text-editor.default\">\n\t\t\t\t\t\t\t\t\t<p>Fale connosco<\/p>\t\t\t\t\t\t\t\t<\/div>\n\t\t\t\t<div class=\"elementor-element elementor-element-28eccc6 elementor-widget elementor-widget-heading\" data-id=\"28eccc6\" data-element_type=\"widget\" data-e-type=\"widget\" data-widget_type=\"heading.default\">\n\t\t\t\t\t<h2 class=\"elementor-heading-title elementor-size-default\">Marque a sua consulta<\/h2>\t\t\t\t<\/div>\n\t\t<div class=\"elementor-element elementor-element-f79e933 e-con-full e-flex e-con e-child\" data-id=\"f79e933\" data-element_type=\"container\" data-e-type=\"container\">\n\t\t\t\t<div class=\"elementor-element elementor-element-2a47fc6 elementor-widget elementor-widget-text-editor\" data-id=\"2a47fc6\" data-element_type=\"widget\" data-e-type=\"widget\" data-widget_type=\"text-editor.default\">\n\t\t\t\t\t\t\t\t\t<p>Escolha o dia e hora da sua prefer\u00eancia. A nossa equipa ir\u00e1 validar a disponibilidade e entrar\u00e1 em contacto para confirmar o seu agendamento. Se tiver alguma condi\u00e7\u00e3o espec\u00edfica ou d\u00favida, por favor descreva-a no campo de observa\u00e7\u00f5es.<\/p>\t\t\t\t\t\t\t\t<\/div>\n\t\t\t\t<\/div>\n\t\t\t\t<\/div>\n\t\t<div class=\"elementor-element elementor-element-6f7d888 e-con-full e-flex e-con e-child\" data-id=\"6f7d888\" data-element_type=\"container\" data-e-type=\"container\">\n\t\t\t\t<div class=\"elementor-element elementor-element-5ead1a3 elementor-widget elementor-widget-form\" data-id=\"5ead1a3\" data-element_type=\"widget\" data-e-type=\"widget\" data-widget_type=\"form.default\">\n\t\t\t\t<div class=\"elementor-widget-container\">\n\t\t\t\t\t \t\t\t\t<\/div>\n\t\t\t\t<\/div>\n\t\t\t\t<\/div>\n\t\t\t\t\t<\/div>\n\t\t\t\t<\/div>\n\t\t\t\t<\/div>\n\t\t","protected":false},"excerpt":{"rendered":"<p>Marcar Consulta Fale Connosco Fale connosco Marque a sua consulta Escolha o dia e hora da sua prefer\u00eancia. A nossa equipa ir\u00e1 validar a disponibilidade e entrar\u00e1 em contacto para confirmar o seu agendamento. Se tiver alguma condi\u00e7\u00e3o espec\u00edfica ou d\u00favida, por favor descreva-a no campo de observa\u00e7\u00f5es.<\/p>\n","protected":false},"author":1,"featured_media":0,"parent":0,"menu_order":0,"comment_status":"closed","ping_status":"closed","template":"elementor_canvas","meta":{"footnotes":""},"class_list":["post-201","page","type-page","status-publish","hentry"],"_links":{"self":[{"href":"https:\/\/clinicaalicerafael.pt\/index.php?rest_route=\/wp\/v2\/pages\/201","targetHints":{"allow":["GET"]}}],"collection":[{"href":"https:\/\/clinicaalicerafael.pt\/index.php?rest_route=\/wp\/v2\/pages"}],"about":[{"href":"https:\/\/clinicaalicerafael.pt\/index.php?rest_route=\/wp\/v2\/types\/page"}],"author":[{"embeddable":true,"href":"https:\/\/clinicaalicerafael.pt\/index.php?rest_route=\/wp\/v2\/users\/1"}],"replies":[{"embeddable":true,"href":"https:\/\/clinicaalicerafael.pt\/index.php?rest_route=%2Fwp%2Fv2%2Fcomments&post=201"}],"version-history":[{"count":8,"href":"https:\/\/clinicaalicerafael.pt\/index.php?rest_route=\/wp\/v2\/pages\/201\/revisions"}],"predecessor-version":[{"id":287,"href":"https:\/\/clinicaalicerafael.pt\/index.php?rest_route=\/wp\/v2\/pages\/201\/revisions\/287"}],"wp:attachment":[{"href":"https:\/\/clinicaalicerafael.pt\/index.php?rest_route=%2Fwp%2Fv2%2Fmedia&parent=201"}],"curies":[{"name":"wp","href":"https:\/\/api.w.org\/{rel}","templated":true}]}}